{"id":100,"date":"2019-01-19T14:10:46","date_gmt":"2019-01-19T13:10:46","guid":{"rendered":"http:\/\/polepole.camanzi.info\/?page_id=100"},"modified":"2024-11-19T00:43:02","modified_gmt":"2024-11-18T23:43:02","slug":"homepage","status":"publish","type":"page","link":"https:\/\/www.polepolepianopianoarezzo.it\/","title":{"rendered":"Romeo"},"content":{"rendered":"\n<p class=\"has-text-align-center\"><em>\ufeffSul finire degli anni 90 la d.ssa AnnaMaria Bartolomei ex primario pediatra arrivata ormai alla pensione e quindi con maggior disponibilit\u00e0 di tempo libero, si rec\u00f2 in Tanzania presso l\u2019ospedale di Mlali, su invito di padre Angelo Simonetti fondatore e allora direttore di questa struttura sanitaria che \u00e8 tuttora un centro residenziale di diagnosi e cure per bambini con handicap motori, per sovraintendervi l\u2019allestimento e l\u2019organizzazione del laboratorio e del dispensario.Dopo quella prima esperienza di tre mesi ogni anno ritornava in Africa a portare il suo contributo umano, scientifico ed economico ovunque ce ne fosse bisogno seguita da alcune persone via via sempre pi\u00f9 numerose che la affiancavano con entusiasmo nelle sue iniziative di solidariet\u00e0.<br><\/em><em>Di fatto si viene a creare un gruppo di volontari dapprima quasi tutti di provenienza dal mondo sanitario ( medici, infermieri, laboratoristi ecc\u2026) ma che in seguito si arricch\u00ec di altre competenze professionali come geometri, muratori, idraulici, agricoltori e cos\u00ec via.<br> Nel novembre del 2007 per darci migliore visibilit\u00e0&nbsp; e migliore organizzazione per ottimizzare al meglio le nostre risorse ci siamo dati una veste pubblica costituendoci in una Associazione tra l\u2019altro legalmente riconosciuta come ONLUS.<br> L\u2019abbiamo voluta chiamare con termine in swahili \u201c Polepole\u201d cio\u00e8 piano piano come a voler significare che possiamo fare solo piccole cose e per l\u2019appunto piano piano.<br> Questa \u00e8 in sintesi la nostra storia e in questo 2017, decimo anniversario della nostra fondazione, vogliamo provare a riorganizzare ed aggiornare il sito internet, scusandoci con tutti coloro che ci hanno \u201cvisitato\u201d per averlo trascurato per cos\u00ec tanto tempo.<br> La d.ssa AnnaMaria Bartolomei, nostra fondatrice e da sempre nostra presidente onorario ci ha lasciato un anno fa.<br> A noi rimane il compito di continuare la strada da Lei intrapresa e di estendere la sua opera. <\/em><\/p>\n\n\n\n<div class=\"wp-block-ugb-divider ugb-divider ugb-928a43f ugb-divider--v2 ugb-divider--design-basic ugb-main-block\" id=\"\"><style>.ugb-928a43f hr.ugb-divider__hr{background-color:#cf2e2e !important;height:1px !important;width:50% !important;margin-left:auto !important;margin-right:auto !important}.ugb-928a43f .ugb-inner-block{text-align:center}<\/style><div class=\"ugb-inner-block\"><div class=\"ugb-block-content\"><hr class=\"ugb-divider__hr\"\/><\/div><\/div><\/div>\n\n\n\n<div class=\"wp-block-ugb-image-box ugb-image-box ugb-fa4371e ugb-image-box--v4 ugb-image-box--columns-3 ugb-image-box--design-basic ugb-image-box--align-center ugb-main-block\" id=\"\"><style>.ugb-fa4371e .ugb-image-box__box{border-radius:12px !important}.ugb-fa4371e .ugb-image-box__item{height:400px !important;justify-content:center !important}.ugb-fa4371e .ugb-image-box__item1 .ugb-image-box__image{background-image:url(https:\/\/www.polepolepianopianoarezzo.it\/wp-content\/uploads\/2019\/03\/00510-e1552731046984.jpg)}.ugb-fa4371e .ugb-image-box__item2 .ugb-image-box__image{background-image:url(https:\/\/www.polepolepianopianoarezzo.it\/wp-content\/uploads\/2019\/03\/DSCN0174.jpg)}.ugb-fa4371e .ugb-image-box__item3 .ugb-image-box__image{background-image:url(https:\/\/www.polepolepianopianoarezzo.it\/wp-content\/uploads\/2019\/03\/511-e1552731272117.jpg)}.ugb-fa4371e .ugb-image-box__item:hover .ugb-image-box__overlay-hover{opacity:0.7 !important}.ugb-fa4371e .ugb-image-box__title{color:#ffffff !important}.ugb-fa4371e .ugb-image-box__description{color:#ffffff !important}.ugb-fa4371e .ugb-inner-block{text-align:center}<\/style><div class=\"ugb-inner-block\"><div class=\"ugb-block-content\"><div class=\"ugb-image-box__item ugb-image-box__item1 ugb-image-box__box ugb--shadow-3\"><div class=\"ugb-image-box__box ugb-image-box__image-wrapper\"><div class=\"ugb-image-box__box ugb-image-box__image\"><\/div><\/div><div class=\"ugb-image-box__box ugb-image-box__overlay-hover\"><\/div><div class=\"ugb-image-box__content\"><div class=\"ugb-image-box__header\"><\/div><\/div><a class=\"ugb-image-box__overlay-link\" href=\"javascript:void\" title=\"\" aria-label=\"\"><\/a><\/div><div class=\"ugb-image-box__item ugb-image-box__item2 ugb-image-box__box ugb--shadow-3\"><div class=\"ugb-image-box__box ugb-image-box__image-wrapper\"><div class=\"ugb-image-box__box ugb-image-box__image\"><\/div><\/div><div class=\"ugb-image-box__box ugb-image-box__overlay-hover\"><\/div><div class=\"ugb-image-box__content\"><div class=\"ugb-image-box__header\"><\/div><\/div><a class=\"ugb-image-box__overlay-link\" href=\"javascript:void\" title=\"\" aria-label=\"\"><\/a><\/div><div class=\"ugb-image-box__item ugb-image-box__item3 ugb-image-box__box ugb--shadow-3\"><div class=\"ugb-image-box__box ugb-image-box__image-wrapper\"><div class=\"ugb-image-box__box ugb-image-box__image\"><\/div><\/div><div class=\"ugb-image-box__box ugb-image-box__overlay-hover\"><\/div><div class=\"ugb-image-box__content\"><div class=\"ugb-image-box__header\"><\/div><\/div><a class=\"ugb-image-box__overlay-link\" href=\"javascript:void\" title=\"\" aria-label=\"\"><\/a><\/div><\/div><\/div><\/div>\n","protected":false},"excerpt":{"rendered":"<p>\ufeffSul finire degli anni 90 la d.ssa AnnaMaria Bartolomei ex primario pediatra arrivata ormai alla pensione e quindi con maggior disponibilit\u00e0 di tempo libero, si rec\u00f2 in Tanzania presso l\u2019ospedale di Mlali, su invito di padre Angelo Simonetti fondatore e allora direttore di questa struttura sanitaria che \u00e8 tuttora un centro residenziale di diagnosi e &hellip; <\/p>\n<p class=\"link-more\"><a href=\"https:\/\/www.polepolepianopianoarezzo.it\/\" class=\"more-link\">Leggi tutto<span class=\"screen-reader-text\"> &#8220;Romeo&#8221;<\/span><\/a><\/p>\n","protected":false},"author":1,"featured_media":415,"parent":0,"menu_order":0,"comment_status":"closed","ping_status":"closed","template":"","meta":{"ngg_post_thumbnail":0,"footnotes":""},"class_list":["post-100","page","type-page","status-publish","has-post-thumbnail","hentry"],"featured_image_urls_v2":{"full":["https:\/\/www.polepolepianopianoarezzo.it\/wp-content\/uploads\/2019\/03\/DSCN0383.jpg",4000,3000,false],"thumbnail":["https:\/\/www.polepolepianopianoarezzo.it\/wp-content\/uploads\/2019\/03\/DSCN0383-150x150.jpg",150,150,true],"medium":["https:\/\/www.polepolepianopianoarezzo.it\/wp-content\/uploads\/2019\/03\/DSCN0383-300x225.jpg",300,225,true],"medium_large":["https:\/\/www.polepolepianopianoarezzo.it\/wp-content\/uploads\/2019\/03\/DSCN0383-768x576.jpg",525,394,true],"large":["https:\/\/www.polepolepianopianoarezzo.it\/wp-content\/uploads\/2019\/03\/DSCN0383-1024x768.jpg",525,394,true],"1536x1536":["https:\/\/www.polepolepianopianoarezzo.it\/wp-content\/uploads\/2019\/03\/DSCN0383.jpg",1536,1152,false],"2048x2048":["https:\/\/www.polepolepianopianoarezzo.it\/wp-content\/uploads\/2019\/03\/DSCN0383.jpg",2048,1536,false],"twentyseventeen-featured-image":["https:\/\/www.polepolepianopianoarezzo.it\/wp-content\/uploads\/2019\/03\/DSCN0383-2000x1200.jpg",2000,1200,true],"twentyseventeen-thumbnail-avatar":["https:\/\/www.polepolepianopianoarezzo.it\/wp-content\/uploads\/2019\/03\/DSCN0383-100x100.jpg",100,100,true]},"post_excerpt_stackable_v2":"<p>\ufeffSul finire degli anni 90 la d.ssa AnnaMaria Bartolomei ex primario pediatra arrivata ormai alla pensione e quindi con maggior disponibilit\u00e0 di tempo libero, si rec\u00f2 in Tanzania presso l\u2019ospedale di Mlali, su invito di padre Angelo Simonetti fondatore e allora direttore di questa struttura sanitaria che \u00e8 tuttora un centro residenziale di diagnosi e cure per bambini con handicap motori, per sovraintendervi l\u2019allestimento e l\u2019organizzazione del laboratorio e del dispensario.Dopo quella prima esperienza di tre mesi ogni anno ritornava in Africa a portare il suo contributo umano, scientifico ed economico ovunque ce ne fosse bisogno seguita da alcune persone&hellip;<\/p>\n","category_list_v2":"","author_info_v2":{"name":"Pole Pole","url":"https:\/\/www.polepolepianopianoarezzo.it\/index.php\/author\/admin2588\/"},"comments_num_v2":"0 commenti","_links":{"self":[{"href":"https:\/\/www.polepolepianopianoarezzo.it\/index.php\/wp-json\/wp\/v2\/pages\/100","targetHints":{"allow":["GET"]}}],"collection":[{"href":"https:\/\/www.polepolepianopianoarezzo.it\/index.php\/wp-json\/wp\/v2\/pages"}],"about":[{"href":"https:\/\/www.polepolepianopianoarezzo.it\/index.php\/wp-json\/wp\/v2\/types\/page"}],"author":[{"embeddable":true,"href":"https:\/\/www.polepolepianopianoarezzo.it\/index.php\/wp-json\/wp\/v2\/users\/1"}],"replies":[{"embeddable":true,"href":"https:\/\/www.polepolepianopianoarezzo.it\/index.php\/wp-json\/wp\/v2\/comments?post=100"}],"version-history":[{"count":21,"href":"https:\/\/www.polepolepianopianoarezzo.it\/index.php\/wp-json\/wp\/v2\/pages\/100\/revisions"}],"predecessor-version":[{"id":1758,"href":"https:\/\/www.polepolepianopianoarezzo.it\/index.php\/wp-json\/wp\/v2\/pages\/100\/revisions\/1758"}],"wp:featuredmedia":[{"embeddable":true,"href":"https:\/\/www.polepolepianopianoarezzo.it\/index.php\/wp-json\/wp\/v2\/media\/415"}],"wp:attachment":[{"href":"https:\/\/www.polepolepianopianoarezzo.it\/index.php\/wp-json\/wp\/v2\/media?parent=100"}],"curies":[{"name":"wp","href":"https:\/\/api.w.org\/{rel}","templated":true}]}}